{"id":101,"date":"2024-03-20T22:37:23","date_gmt":"2024-03-20T21:37:23","guid":{"rendered":"https:\/\/semanasantainfo.es\/?page_id=101"},"modified":"2025-08-29T12:16:29","modified_gmt":"2025-08-29T10:16:29","slug":"comunidades","status":"publish","type":"page","link":"https:\/\/semanasantainfo.es\/index.php\/procesiones\/comunidades\/","title":{"rendered":"Comunidades"},"content":{"rendered":"\t\t<div data-elementor-type=\"wp-page\" data-elementor-id=\"101\" class=\"elementor elementor-101\">\n\t\t\t\t<div class=\"elementor-element elementor-element-77bfe94 e-flex e-con-boxed e-con e-parent\" data-id=\"77bfe94\" data-element_type=\"container\" data-e-type=\"container\">\n\t\t\t\t\t<div class=\"e-con-inner\">\n\t\t\t\t<div class=\"elementor-element elementor-element-3f2e87e elementor-widget elementor-widget-text-editor\" data-id=\"3f2e87e\" data-element_type=\"widget\" data-e-type=\"widget\" data-widget_type=\"text-editor.default\">\n\t\t\t\t<div class=\"elementor-widget-container\">\n\t\t\t\t\t\t\t\t\t<p><strong>La Semana Santa<\/strong> es una de las fiestas m\u00e1s importantes del calendario religioso espa\u00f1ol. Conmemora la pasi\u00f3n, muerte y resurrecci\u00f3n de Jesucristo, y se celebra en Espa\u00f1a con gran fervor religioso y solemnidad.<\/p><p><strong>Las celebraciones de Semana Santa en Espa\u00f1a<\/strong> tienen una larga tradici\u00f3n que se remonta a la Edad Media. Cada ciudad y regi\u00f3n tiene sus propias tradiciones y particularidades, pero hay algunos elementos comunes que se pueden encontrar en todas las celebraciones.<\/p><p><strong>Las procesiones<\/strong> son el elemento central de la Semana Santa. Son desfiles religiosos en los que se portan im\u00e1genes de Jesucristo, la Virgen Mar\u00eda y otros santos por las calles de la ciudad. Los nazarenos, vestidos con t\u00fanicas y capirotes, acompa\u00f1an las procesiones en penitencia.<\/p><p><strong>Otros elementos importantes de la Semana Santa<\/strong> son la m\u00fasica sacra, las representaciones teatrales de la Pasi\u00f3n de Jes\u00fas, y las comidas t\u00edpicas de esta \u00e9poca del a\u00f1o.<\/p><p><strong>En Espa\u00f1a, la Semana Santa se celebra con gran fervor popular.<\/strong> Millones de personas participan en las procesiones, asisten a los actos religiosos y disfrutan de la atm\u00f3sfera \u00fanica que se crea en estas fechas.<\/p><p><strong>Te invitamos a descubrir la Semana Santa en Espa\u00f1a y disfrutar de una experiencia \u00fanica que te permitir\u00e1 conectar con la tradici\u00f3n, la cultura y el fervor religioso de esta fiesta.<\/strong><\/p><p><strong>En esta web encontrar\u00e1s:<\/strong><\/p><ul><li><strong>Informaci\u00f3n detallada sobre las principales celebraciones de Semana Santa en Espa\u00f1a.<\/strong><\/li><li><strong>Las procesiones ordenadas por comunidades aut\u00f3nomas, provincias, localidades y rutas.<\/strong><\/li><li><strong>Consejos para planificar tu viaje y disfrutar al m\u00e1ximo de la Semana Santa.<\/strong><\/li><li><strong>Enlaces a recursos adicionales para profundizar en la historia y las tradiciones de esta fiesta.<\/strong><\/li><\/ul><p><strong>Prep\u00e1rate para vivir una Semana Santa inolvidable en Espa\u00f1a.<\/strong><\/p><p><strong>\u00a0<\/strong><\/p><p><strong>La Semana Santa en Andaluc\u00eda<\/strong><\/p><p><strong>La Semana Santa en Arag\u00f3n<\/strong><\/p><p><strong>La Semana Santa en Asturias<\/strong><\/p><p><strong>La Semana Santa en Baleares<\/strong><\/p><p><strong>La Semana Santa en Canarias<\/strong><\/p><p><strong>La Semana Santa en Cantabria<\/strong><\/p><p><strong>La Semana Santa en Castilla-La Mancha<\/strong><\/p><p><strong>La Semana Santa en Castilla y Le\u00f3n<\/strong><\/p><p><strong>La Semana Santa en Catalu\u00f1a<\/strong><\/p><p><strong>La Semana Santa en Comunidad Valenciana<\/strong><\/p><p><strong>La Semana Santa en Extremadura<\/strong><\/p><p><strong>La Semana Santa en Galicia<\/strong><\/p><p><strong>La Semana Santa en Madrid<\/strong><\/p><p><strong>La Semana Santa en Murcia<\/strong><\/p><p><strong>La Semana Santa en Navarra<\/strong><\/p><p><strong>La Semana Santa en Pa\u00eds Vasco<\/strong><\/p><p><strong>La Semana Santa en La Rioja<\/strong><\/p>\t\t\t\t\t\t\t\t<\/div>\n\t\t\t\t<\/div>\n\t\t\t\t\t<\/div>\n\t\t\t\t<\/div>\n\t\t\t\t<\/div>\n\t\t","protected":false},"excerpt":{"rendered":"<p>La Semana Santa es una de las fiestas m\u00e1s importantes del calendario religioso espa\u00f1ol. Conmemora la pasi\u00f3n, muerte y resurrecci\u00f3n de Jesucristo, y se celebra en Espa\u00f1a con gran fervor religioso y solemnidad. Las celebraciones de Semana Santa en Espa\u00f1a tienen una larga tradici\u00f3n que se remonta a la Edad [&hellip;]<\/p>\n","protected":false},"author":1,"featured_media":0,"parent":99,"menu_order":0,"comment_status":"closed","ping_status":"closed","template":"page-templates\/template-page-sidebar.php","meta":{"footnotes":""},"class_list":["post-101","page","type-page","status-publish","hentry"],"_links":{"self":[{"href":"https:\/\/semanasantainfo.es\/index.php\/wp-json\/wp\/v2\/pages\/101","targetHints":{"allow":["GET"]}}],"collection":[{"href":"https:\/\/semanasantainfo.es\/index.php\/wp-json\/wp\/v2\/pages"}],"about":[{"href":"https:\/\/semanasantainfo.es\/index.php\/wp-json\/wp\/v2\/types\/page"}],"author":[{"embeddable":true,"href":"https:\/\/semanasantainfo.es\/index.php\/wp-json\/wp\/v2\/users\/1"}],"replies":[{"embeddable":true,"href":"https:\/\/semanasantainfo.es\/index.php\/wp-json\/wp\/v2\/comments?post=101"}],"version-history":[{"count":4,"href":"https:\/\/semanasantainfo.es\/index.php\/wp-json\/wp\/v2\/pages\/101\/revisions"}],"predecessor-version":[{"id":190,"href":"https:\/\/semanasantainfo.es\/index.php\/wp-json\/wp\/v2\/pages\/101\/revisions\/190"}],"up":[{"embeddable":true,"href":"https:\/\/semanasantainfo.es\/index.php\/wp-json\/wp\/v2\/pages\/99"}],"wp:attachment":[{"href":"https:\/\/semanasantainfo.es\/index.php\/wp-json\/wp\/v2\/media?parent=101"}],"curies":[{"name":"wp","href":"https:\/\/api.w.org\/{rel}","templated":true}]}}