{"id":331,"date":"2025-08-31T09:14:10","date_gmt":"2025-08-31T07:14:10","guid":{"rendered":"https:\/\/semanasantainfo.es\/?page_id=331"},"modified":"2025-08-31T09:16:27","modified_gmt":"2025-08-31T07:16:27","slug":"blog","status":"publish","type":"page","link":"https:\/\/semanasantainfo.es\/index.php\/blog\/","title":{"rendered":"Blog"},"content":{"rendered":"\n<h2 class=\"wp-block-heading\">Blog Semana Santa Espa\u00f1a<\/h2>\n\n\n<div class=\"pt-cv-wrapper\"><div class=\"pt-cv-view pt-cv-grid pt-cv-colsys\" id=\"pt-cv-view-a295d30dkl\"><div data-id=\"pt-cv-page-1\" class=\"pt-cv-page\" data-cvc=\"2\"><div class=\"col-md-6 col-sm-12 col-xs-12 pt-cv-content-item pt-cv-1-col\" ><div class='pt-cv-ifield'><a href=\"https:\/\/semanasantainfo.es\/index.php\/2025\/08\/30\/semana-santa-en-elche-y-sus-palmas-blancas\/\" class=\"_blank pt-cv-href-thumbnail pt-cv-thumb-default\" target=\"_blank\" ><img fetchpriority=\"high\" decoding=\"async\" width=\"300\" height=\"200\" src=\"https:\/\/semanasantainfo.es\/wp-content\/uploads\/2025\/08\/Domingo-de-Ramos-Elche-Foto-gracias-a-Elche-es-300x200.jpg\" class=\"pt-cv-thumbnail\" alt=\"\" srcset=\"https:\/\/semanasantainfo.es\/wp-content\/uploads\/2025\/08\/Domingo-de-Ramos-Elche-Foto-gracias-a-Elche-es-300x200.jpg 300w, https:\/\/semanasantainfo.es\/wp-content\/uploads\/2025\/08\/Domingo-de-Ramos-Elche-Foto-gracias-a-Elche-es-1024x683.jpg 1024w, https:\/\/semanasantainfo.es\/wp-content\/uploads\/2025\/08\/Domingo-de-Ramos-Elche-Foto-gracias-a-Elche-es-768x512.jpg 768w, https:\/\/semanasantainfo.es\/wp-content\/uploads\/2025\/08\/Domingo-de-Ramos-Elche-Foto-gracias-a-Elche-es-1536x1024.jpg 1536w, https:\/\/semanasantainfo.es\/wp-content\/uploads\/2025\/08\/Domingo-de-Ramos-Elche-Foto-gracias-a-Elche-es-2048x1366.jpg 2048w, https:\/\/semanasantainfo.es\/wp-content\/uploads\/2025\/08\/Domingo-de-Ramos-Elche-Foto-gracias-a-Elche-es-360x240.jpg 360w\" sizes=\"(max-width: 300px) 100vw, 300px\" \/><\/a>\n<div class=\"pt-cv-taxoterm above_title\"><a href='https:\/\/semanasantainfo.es\/index.php\/category\/blog\/' title='Blog' class='pt-cv-tax-blog'>Blog<\/a><a href='https:\/\/semanasantainfo.es\/index.php\/tag\/domingo-de-ramos\/' title='Domingo de Ramos' class='pt-cv-tax-domingo-de-ramos'>Domingo de Ramos<\/a><a href='https:\/\/semanasantainfo.es\/index.php\/tag\/elche\/' title='Elche' class='pt-cv-tax-elche'>Elche<\/a><\/div>\n<h4 class=\"pt-cv-title\"><a href=\"https:\/\/semanasantainfo.es\/index.php\/2025\/08\/30\/semana-santa-en-elche-y-sus-palmas-blancas\/\" class=\"_blank\" target=\"_blank\" >Semana Santa en Elche y sus palmas blancas<\/a><\/h4>\n<div class=\"pt-cv-content\">Semana Santa en Elche y sus palmas blancas La Semana Santa en Elche es una de las celebraciones m\u00e1s emblem\u00e1ticas ...<br \/><div class=\"pt-cv-rmwrap\"><a href=\"https:\/\/semanasantainfo.es\/index.php\/2025\/08\/30\/semana-santa-en-elche-y-sus-palmas-blancas\/\" class=\"_blank pt-cv-readmore btn btn-success\" target=\"_blank\">Leer M\u00e1s<\/a><\/div><\/div><\/div><\/div>\n<div class=\"col-md-6 col-sm-12 col-xs-12 pt-cv-content-item pt-cv-1-col\" ><div class='pt-cv-ifield'><a href=\"https:\/\/semanasantainfo.es\/index.php\/2025\/08\/30\/el-papel-de-los-ninos-en-la-semana-santa-espanola\/\" class=\"_blank pt-cv-href-thumbnail pt-cv-thumb-default\" target=\"_blank\" ><img decoding=\"async\" width=\"300\" height=\"178\" src=\"https:\/\/semanasantainfo.es\/wp-content\/uploads\/2024\/03\/semana-santa-huesca-300x178.jpg\" class=\"pt-cv-thumbnail\" alt=\"\" srcset=\"https:\/\/semanasantainfo.es\/wp-content\/uploads\/2024\/03\/semana-santa-huesca-300x178.jpg 300w, https:\/\/semanasantainfo.es\/wp-content\/uploads\/2024\/03\/semana-santa-huesca-768x456.jpg 768w, https:\/\/semanasantainfo.es\/wp-content\/uploads\/2024\/03\/semana-santa-huesca.jpg 778w\" sizes=\"(max-width: 300px) 100vw, 300px\" \/><\/a>\n<div class=\"pt-cv-taxoterm above_title\"><a href='https:\/\/semanasantainfo.es\/index.php\/category\/blog\/' title='Blog' class='pt-cv-tax-blog'>Blog<\/a><a href='https:\/\/semanasantainfo.es\/index.php\/tag\/familia\/' title='Familia' class='pt-cv-tax-familia'>Familia<\/a><a href='https:\/\/semanasantainfo.es\/index.php\/tag\/tradiciones\/' title='Tradiciones' class='pt-cv-tax-tradiciones'>Tradiciones<\/a><\/div>\n<h4 class=\"pt-cv-title\"><a href=\"https:\/\/semanasantainfo.es\/index.php\/2025\/08\/30\/el-papel-de-los-ninos-en-la-semana-santa-espanola\/\" class=\"_blank\" target=\"_blank\" >El papel de los ni\u00f1os en la Semana Santa espa\u00f1ola<\/a><\/h4>\n<div class=\"pt-cv-content\">El papel de los ni\u00f1os en la Semana Santa espa\u00f1ola La Semana Santa en Espa\u00f1a no solo es una de ...<br \/><div class=\"pt-cv-rmwrap\"><a href=\"https:\/\/semanasantainfo.es\/index.php\/2025\/08\/30\/el-papel-de-los-ninos-en-la-semana-santa-espanola\/\" class=\"_blank pt-cv-readmore btn btn-success\" target=\"_blank\">Leer M\u00e1s<\/a><\/div><\/div><\/div><\/div>\n<div class=\"col-md-6 col-sm-12 col-xs-12 pt-cv-content-item pt-cv-1-col\" ><div class='pt-cv-ifield'><a href=\"https:\/\/semanasantainfo.es\/index.php\/2025\/08\/30\/consejos-para-organizar-tu-viaje-en-semana-santa-por-espana\/\" class=\"_blank pt-cv-href-thumbnail pt-cv-thumb-default\" target=\"_blank\" ><img decoding=\"async\" width=\"300\" height=\"152\" src=\"https:\/\/semanasantainfo.es\/wp-content\/uploads\/2025\/08\/Semana-Santa-Madrid-1-Foto-gracias-a-esmadrid-com-300x152.jpg\" class=\"pt-cv-thumbnail\" alt=\"\" srcset=\"https:\/\/semanasantainfo.es\/wp-content\/uploads\/2025\/08\/Semana-Santa-Madrid-1-Foto-gracias-a-esmadrid-com-300x152.jpg 300w, https:\/\/semanasantainfo.es\/wp-content\/uploads\/2025\/08\/Semana-Santa-Madrid-1-Foto-gracias-a-esmadrid-com.jpg 660w\" sizes=\"(max-width: 300px) 100vw, 300px\" \/><\/a>\n<div class=\"pt-cv-taxoterm above_title\"><a href='https:\/\/semanasantainfo.es\/index.php\/category\/blog\/' title='Blog' class='pt-cv-tax-blog'>Blog<\/a><a href='https:\/\/semanasantainfo.es\/index.php\/tag\/consejos\/' title='Consejos' class='pt-cv-tax-consejos'>Consejos<\/a><\/div>\n<h4 class=\"pt-cv-title\"><a href=\"https:\/\/semanasantainfo.es\/index.php\/2025\/08\/30\/consejos-para-organizar-tu-viaje-en-semana-santa-por-espana\/\" class=\"_blank\" target=\"_blank\" >Consejos para organizar tu viaje en Semana Santa por Espa\u00f1a<\/a><\/h4>\n<div class=\"pt-cv-content\">Consejos para organizar tu viaje en Semana Santa por Espa\u00f1a Viajar por Espa\u00f1a en Semana Santa es una experiencia \u00fanica, ...<br \/><div class=\"pt-cv-rmwrap\"><a href=\"https:\/\/semanasantainfo.es\/index.php\/2025\/08\/30\/consejos-para-organizar-tu-viaje-en-semana-santa-por-espana\/\" class=\"_blank pt-cv-readmore btn btn-success\" target=\"_blank\">Leer M\u00e1s<\/a><\/div><\/div><\/div><\/div>\n<div class=\"col-md-6 col-sm-12 col-xs-12 pt-cv-content-item pt-cv-1-col\" ><div class='pt-cv-ifield'><a href=\"https:\/\/semanasantainfo.es\/index.php\/2025\/08\/30\/semana-santa-en-almeria-y-la-costa-de-andalucia-oriental\/\" class=\"_blank pt-cv-href-thumbnail pt-cv-thumb-default\" target=\"_blank\" ><img decoding=\"async\" src=\"https:\/\/semanasantainfo.es\/wp-content\/plugins\/content-views-query-and-display-post-page\/public\/assets\/images\/default_image.png\" class=\"pt-cv-thumbnail cv-default-img\" alt=\"Semana Santa en Almer\u00eda y la Costa de Andaluc\u00eda Oriental\" title=\"\" \/><\/a>\n<div class=\"pt-cv-taxoterm above_title\"><a href='https:\/\/semanasantainfo.es\/index.php\/tag\/almeria\/' title='Almer\u00eda' class='pt-cv-tax-almeria'>Almer\u00eda<\/a><a href='https:\/\/semanasantainfo.es\/index.php\/tag\/andalucia\/' title='Andaluc\u00eda' class='pt-cv-tax-andalucia'>Andaluc\u00eda<\/a><a href='https:\/\/semanasantainfo.es\/index.php\/category\/blog\/' title='Blog' class='pt-cv-tax-blog'>Blog<\/a><\/div>\n<h4 class=\"pt-cv-title\"><a href=\"https:\/\/semanasantainfo.es\/index.php\/2025\/08\/30\/semana-santa-en-almeria-y-la-costa-de-andalucia-oriental\/\" class=\"_blank\" target=\"_blank\" >Semana Santa en Almer\u00eda y la Costa de Andaluc\u00eda Oriental<\/a><\/h4>\n<div class=\"pt-cv-content\">Semana Santa en Almer\u00eda y la Costa de Andaluc\u00eda Oriental La Semana Santa en Almer\u00eda y en la costa oriental ...<br \/><div class=\"pt-cv-rmwrap\"><a href=\"https:\/\/semanasantainfo.es\/index.php\/2025\/08\/30\/semana-santa-en-almeria-y-la-costa-de-andalucia-oriental\/\" class=\"_blank pt-cv-readmore btn btn-success\" target=\"_blank\">Leer M\u00e1s<\/a><\/div><\/div><\/div><\/div>\n<div class=\"col-md-6 col-sm-12 col-xs-12 pt-cv-content-item pt-cv-1-col\" ><div class='pt-cv-ifield'><a href=\"https:\/\/semanasantainfo.es\/index.php\/2025\/08\/30\/semana-santa-en-cuenca-la-procesion-de-las-turbas\/\" class=\"_blank pt-cv-href-thumbnail pt-cv-thumb-default\" target=\"_blank\" ><img decoding=\"async\" src=\"https:\/\/semanasantainfo.es\/wp-content\/plugins\/content-views-query-and-display-post-page\/public\/assets\/images\/default_image.png\" class=\"pt-cv-thumbnail cv-default-img\" alt=\"Semana Santa en Cuenca: la procesi\u00f3n de las Turbas\" title=\"\" \/><\/a>\n<div class=\"pt-cv-taxoterm above_title\"><a href='https:\/\/semanasantainfo.es\/index.php\/category\/blog\/' title='Blog' class='pt-cv-tax-blog'>Blog<\/a><a href='https:\/\/semanasantainfo.es\/index.php\/tag\/cuenca\/' title='Cuenca' class='pt-cv-tax-cuenca'>Cuenca<\/a><\/div>\n<h4 class=\"pt-cv-title\"><a href=\"https:\/\/semanasantainfo.es\/index.php\/2025\/08\/30\/semana-santa-en-cuenca-la-procesion-de-las-turbas\/\" class=\"_blank\" target=\"_blank\" >Semana Santa en Cuenca: la procesi\u00f3n de las Turbas<\/a><\/h4>\n<div class=\"pt-cv-content\">Semana Santa en Cuenca: la procesi\u00f3n de las Turbas La Semana Santa en Cuenca es una de las m\u00e1s singulares ...<br \/><div class=\"pt-cv-rmwrap\"><a href=\"https:\/\/semanasantainfo.es\/index.php\/2025\/08\/30\/semana-santa-en-cuenca-la-procesion-de-las-turbas\/\" class=\"_blank pt-cv-readmore btn btn-success\" target=\"_blank\">Leer M\u00e1s<\/a><\/div><\/div><\/div><\/div>\n<div class=\"col-md-6 col-sm-12 col-xs-12 pt-cv-content-item pt-cv-1-col\" ><div class='pt-cv-ifield'><a href=\"https:\/\/semanasantainfo.es\/index.php\/2025\/08\/30\/semana-santa-en-murcia-la-tradicion-de-las-flores-y-los-colores\/\" class=\"_blank pt-cv-href-thumbnail pt-cv-thumb-default\" target=\"_blank\" ><img decoding=\"async\" src=\"https:\/\/semanasantainfo.es\/wp-content\/plugins\/content-views-query-and-display-post-page\/public\/assets\/images\/default_image.png\" class=\"pt-cv-thumbnail cv-default-img\" alt=\"Semana Santa en Murcia: la tradici\u00f3n de las flores y los colores\" title=\"\" \/><\/a>\n<div class=\"pt-cv-taxoterm above_title\"><a href='https:\/\/semanasantainfo.es\/index.php\/category\/blog\/' title='Blog' class='pt-cv-tax-blog'>Blog<\/a><a href='https:\/\/semanasantainfo.es\/index.php\/tag\/murcia\/' title='Murcia' class='pt-cv-tax-murcia'>Murcia<\/a><a href='https:\/\/semanasantainfo.es\/index.php\/tag\/tradiciones\/' title='Tradiciones' class='pt-cv-tax-tradiciones'>Tradiciones<\/a><\/div>\n<h4 class=\"pt-cv-title\"><a href=\"https:\/\/semanasantainfo.es\/index.php\/2025\/08\/30\/semana-santa-en-murcia-la-tradicion-de-las-flores-y-los-colores\/\" class=\"_blank\" target=\"_blank\" >Semana Santa en Murcia: la tradici\u00f3n de las flores y los colores<\/a><\/h4>\n<div class=\"pt-cv-content\">Semana Santa en Murcia: la tradici\u00f3n de las flores y los colores La Semana Santa en Murcia es una de ...<br \/><div class=\"pt-cv-rmwrap\"><a href=\"https:\/\/semanasantainfo.es\/index.php\/2025\/08\/30\/semana-santa-en-murcia-la-tradicion-de-las-flores-y-los-colores\/\" class=\"_blank pt-cv-readmore btn btn-success\" target=\"_blank\">Leer M\u00e1s<\/a><\/div><\/div><\/div><\/div>\n<div class=\"col-md-6 col-sm-12 col-xs-12 pt-cv-content-item pt-cv-1-col\" ><div class='pt-cv-ifield'><a href=\"https:\/\/semanasantainfo.es\/index.php\/2025\/08\/30\/semana-santa-marinera-historia-y-singularidad-en-valencia\/\" class=\"_blank pt-cv-href-thumbnail pt-cv-thumb-default\" target=\"_blank\" ><img decoding=\"async\" src=\"https:\/\/semanasantainfo.es\/wp-content\/plugins\/content-views-query-and-display-post-page\/public\/assets\/images\/default_image.png\" class=\"pt-cv-thumbnail cv-default-img\" alt=\"Semana Santa Marinera: historia y singularidad en Valencia\" title=\"\" \/><\/a>\n<div class=\"pt-cv-taxoterm above_title\"><a href='https:\/\/semanasantainfo.es\/index.php\/category\/blog\/' title='Blog' class='pt-cv-tax-blog'>Blog<\/a><a href='https:\/\/semanasantainfo.es\/index.php\/tag\/historia\/' title='Historia' class='pt-cv-tax-historia'>Historia<\/a><a href='https:\/\/semanasantainfo.es\/index.php\/tag\/valencia\/' title='Valencia' class='pt-cv-tax-valencia'>Valencia<\/a><\/div>\n<h4 class=\"pt-cv-title\"><a href=\"https:\/\/semanasantainfo.es\/index.php\/2025\/08\/30\/semana-santa-marinera-historia-y-singularidad-en-valencia\/\" class=\"_blank\" target=\"_blank\" >Semana Santa Marinera: historia y singularidad en Valencia<\/a><\/h4>\n<div class=\"pt-cv-content\">Semana Santa Marinera: historia y singularidad en Valencia La Semana Santa Marinera de Valencia es una de las celebraciones m\u00e1s ...<br \/><div class=\"pt-cv-rmwrap\"><a href=\"https:\/\/semanasantainfo.es\/index.php\/2025\/08\/30\/semana-santa-marinera-historia-y-singularidad-en-valencia\/\" class=\"_blank pt-cv-readmore btn btn-success\" target=\"_blank\">Leer M\u00e1s<\/a><\/div><\/div><\/div><\/div>\n<div class=\"col-md-6 col-sm-12 col-xs-12 pt-cv-content-item pt-cv-1-col\" ><div class='pt-cv-ifield'><a href=\"https:\/\/semanasantainfo.es\/index.php\/2025\/08\/30\/los-mejores-destinos-para-vivir-la-semana-santa-en-familia\/\" class=\"_blank pt-cv-href-thumbnail pt-cv-thumb-default\" target=\"_blank\" ><img decoding=\"async\" src=\"https:\/\/semanasantainfo.es\/wp-content\/plugins\/content-views-query-and-display-post-page\/public\/assets\/images\/default_image.png\" class=\"pt-cv-thumbnail cv-default-img\" alt=\"Los mejores destinos para vivir la Semana Santa en familia\" title=\"\" \/><\/a>\n<div class=\"pt-cv-taxoterm above_title\"><a href='https:\/\/semanasantainfo.es\/index.php\/category\/blog\/' title='Blog' class='pt-cv-tax-blog'>Blog<\/a><a href='https:\/\/semanasantainfo.es\/index.php\/tag\/destinos\/' title='Destinos' class='pt-cv-tax-destinos'>Destinos<\/a><a href='https:\/\/semanasantainfo.es\/index.php\/tag\/famillia\/' title='Famillia' class='pt-cv-tax-famillia'>Famillia<\/a><a href='https:\/\/semanasantainfo.es\/index.php\/tag\/ninos\/' title='Ni\u00f1os' class='pt-cv-tax-ninos'>Ni\u00f1os<\/a><\/div>\n<h4 class=\"pt-cv-title\"><a href=\"https:\/\/semanasantainfo.es\/index.php\/2025\/08\/30\/los-mejores-destinos-para-vivir-la-semana-santa-en-familia\/\" class=\"_blank\" target=\"_blank\" >Los mejores destinos para vivir la Semana Santa en familia<\/a><\/h4>\n<div class=\"pt-cv-content\">Los mejores destinos para vivir la Semana Santa en familia La Semana Santa es una oportunidad perfecta para disfrutar de ...<br \/><div class=\"pt-cv-rmwrap\"><a href=\"https:\/\/semanasantainfo.es\/index.php\/2025\/08\/30\/los-mejores-destinos-para-vivir-la-semana-santa-en-familia\/\" class=\"_blank pt-cv-readmore btn btn-success\" target=\"_blank\">Leer M\u00e1s<\/a><\/div><\/div><\/div><\/div>\n<div class=\"col-md-6 col-sm-12 col-xs-12 pt-cv-content-item pt-cv-1-col\" ><div class='pt-cv-ifield'><a href=\"https:\/\/semanasantainfo.es\/index.php\/2025\/08\/30\/el-arte-de-los-tronos-y-pasos-procesionales\/\" class=\"_blank pt-cv-href-thumbnail pt-cv-thumb-default\" target=\"_blank\" ><img decoding=\"async\" src=\"https:\/\/semanasantainfo.es\/wp-content\/plugins\/content-views-query-and-display-post-page\/public\/assets\/images\/default_image.png\" class=\"pt-cv-thumbnail cv-default-img\" alt=\"El arte de los tronos y pasos procesionales\" title=\"\" \/><\/a>\n<div class=\"pt-cv-taxoterm above_title\"><a href='https:\/\/semanasantainfo.es\/index.php\/tag\/arte\/' title='Arte' class='pt-cv-tax-arte'>Arte<\/a><a href='https:\/\/semanasantainfo.es\/index.php\/category\/blog\/' title='Blog' class='pt-cv-tax-blog'>Blog<\/a><a href='https:\/\/semanasantainfo.es\/index.php\/tag\/pasos\/' title='Pasos' class='pt-cv-tax-pasos'>Pasos<\/a><a href='https:\/\/semanasantainfo.es\/index.php\/tag\/tradiciones\/' title='Tradiciones' class='pt-cv-tax-tradiciones'>Tradiciones<\/a><\/div>\n<h4 class=\"pt-cv-title\"><a href=\"https:\/\/semanasantainfo.es\/index.php\/2025\/08\/30\/el-arte-de-los-tronos-y-pasos-procesionales\/\" class=\"_blank\" target=\"_blank\" >El arte de los tronos y pasos procesionales<\/a><\/h4>\n<div class=\"pt-cv-content\">El arte de los tronos y pasos procesionales El arte de los tronos y pasos procesionales es uno de los ...<br \/><div class=\"pt-cv-rmwrap\"><a href=\"https:\/\/semanasantainfo.es\/index.php\/2025\/08\/30\/el-arte-de-los-tronos-y-pasos-procesionales\/\" class=\"_blank pt-cv-readmore btn btn-success\" target=\"_blank\">Leer M\u00e1s<\/a><\/div><\/div><\/div><\/div>\n<div class=\"col-md-6 col-sm-12 col-xs-12 pt-cv-content-item pt-cv-1-col\" ><div class='pt-cv-ifield'><a href=\"https:\/\/semanasantainfo.es\/index.php\/2025\/08\/30\/el-papel-de-la-musica-en-las-procesiones-de-semana-santa\/\" class=\"_blank pt-cv-href-thumbnail pt-cv-thumb-default\" target=\"_blank\" ><img decoding=\"async\" src=\"https:\/\/semanasantainfo.es\/wp-content\/plugins\/content-views-query-and-display-post-page\/public\/assets\/images\/default_image.png\" class=\"pt-cv-thumbnail cv-default-img\" alt=\"El papel de la m\u00fasica en las procesiones de Semana Santa\" title=\"\" \/><\/a>\n<div class=\"pt-cv-taxoterm above_title\"><a href='https:\/\/semanasantainfo.es\/index.php\/category\/blog\/' title='Blog' class='pt-cv-tax-blog'>Blog<\/a><a href='https:\/\/semanasantainfo.es\/index.php\/tag\/musica\/' title='M\u00fasica' class='pt-cv-tax-musica'>M\u00fasica<\/a><a href='https:\/\/semanasantainfo.es\/index.php\/tag\/tradiciones\/' title='Tradiciones' class='pt-cv-tax-tradiciones'>Tradiciones<\/a><\/div>\n<h4 class=\"pt-cv-title\"><a href=\"https:\/\/semanasantainfo.es\/index.php\/2025\/08\/30\/el-papel-de-la-musica-en-las-procesiones-de-semana-santa\/\" class=\"_blank\" target=\"_blank\" >El papel de la m\u00fasica en las procesiones de Semana Santa<\/a><\/h4>\n<div class=\"pt-cv-content\">El papel de la m\u00fasica en las procesiones de Semana Santa La m\u00fasica es uno de los elementos m\u00e1s emocionantes ...<br \/><div class=\"pt-cv-rmwrap\"><a href=\"https:\/\/semanasantainfo.es\/index.php\/2025\/08\/30\/el-papel-de-la-musica-en-las-procesiones-de-semana-santa\/\" class=\"_blank pt-cv-readmore btn btn-success\" target=\"_blank\">Leer M\u00e1s<\/a><\/div><\/div><\/div><\/div><\/div><\/div>\n<div class=\" pt-cv-pagination-wrapper\"><ul class=\"pt-cv-pagination pt-cv-ajax pagination\" data-totalpages=\"3\" data-currentpage=\"1\" data-sid=\"a295d30dkl\" data-unid=\"\" data-isblock=\"\" data-postid=\"\"><li class=\"active\"><a href=\"#\">1<\/a><\/li>\n\t<li ><a class=\"\" href=\"https:\/\/semanasantainfo.es\/index.php\/wp-json\/wp\/v2\/pages\/331\/?_page=2\">2<\/a><\/li>\n\t<li ><a class=\"\" href=\"https:\/\/semanasantainfo.es\/index.php\/wp-json\/wp\/v2\/pages\/331\/?_page=3\">3<\/a><\/li>\n\t<li ><a class=\" \" href=\"https:\/\/semanasantainfo.es\/index.php\/wp-json\/wp\/v2\/pages\/331\/?_page=2\">&rsaquo;<\/a><\/li>\n\t<\/ul><img loading=\"lazy\" decoding=\"async\" width=\"15\" height=\"15\" class=\"pt-cv-spinner\" alt=\"Cargando...\" src=\"data:image\/gif;base64,R0lGODlhDwAPALMPAMrKygwMDJOTkz09PZWVla+vr3p6euTk5M7OzuXl5TMzMwAAAJmZmWZmZszMzP\/\/\/yH\/C05FVFNDQVBFMi4wAwEAAAAh+QQFCgAPACwAAAAADwAPAAAEQvDJaZaZOIcV8iQK8VRX4iTYoAwZ4iCYoAjZ4RxejhVNoT+mRGP4cyF4Pp0N98sBGIBMEMOotl6YZ3S61Bmbkm4mAgAh+QQFCgAPACwAAAAADQANAAAENPDJSRSZeA418itN8QiK8BiLITVsFiyBBIoYqnoewAD4xPw9iY4XLGYSjkQR4UAUD45DLwIAIfkEBQoADwAsAAAAAA8ACQAABC\/wyVlamTi3nSdgwFNdhEJgTJoNyoB9ISYoQmdjiZPcj7EYCAeCF1gEDo4Dz2eIAAAh+QQFCgAPACwCAAAADQANAAAEM\/DJBxiYeLKdX3IJZT1FU0iIg2RNKx3OkZVnZ98ToRD4MyiDnkAh6BkNC0MvsAj0kMpHBAAh+QQFCgAPACwGAAAACQAPAAAEMDC59KpFDll73HkAA2wVY5KgiK5b0RRoI6MuzG6EQqCDMlSGheEhUAgqgUUAFRySIgAh+QQFCgAPACwCAAIADQANAAAEM\/DJKZNLND\/kkKaHc3xk+QAMYDKsiaqmZCxGVjSFFCxB1vwy2oOgIDxuucxAMTAJFAJNBAAh+QQFCgAPACwAAAYADwAJAAAEMNAs86q1yaWwwv2Ig0jUZx3OYa4XoRAfwADXoAwfo1+CIjyFRuEho60aSNYlOPxEAAAh+QQFCgAPACwAAAIADQANAAAENPA9s4y8+IUVcqaWJ4qEQozSoAzoIyhCK2NFU2SJk0hNnyEOhKR2AzAAj4Pj4GE4W0bkJQIAOw==\" \/><div class=\"clear pt-cv-clear-pagination\"><\/div><\/div><\/div>\n","protected":false},"excerpt":{"rendered":"<p>Blog Semana Santa Espa\u00f1a<\/p>\n","protected":false},"author":1,"featured_media":0,"parent":0,"menu_order":0,"comment_status":"closed","ping_status":"closed","template":"","meta":{"footnotes":""},"class_list":["post-331","page","type-page","status-publish","hentry"],"_links":{"self":[{"href":"https:\/\/semanasantainfo.es\/index.php\/wp-json\/wp\/v2\/pages\/331","targetHints":{"allow":["GET"]}}],"collection":[{"href":"https:\/\/semanasantainfo.es\/index.php\/wp-json\/wp\/v2\/pages"}],"about":[{"href":"https:\/\/semanasantainfo.es\/index.php\/wp-json\/wp\/v2\/types\/page"}],"author":[{"embeddable":true,"href":"https:\/\/semanasantainfo.es\/index.php\/wp-json\/wp\/v2\/users\/1"}],"replies":[{"embeddable":true,"href":"https:\/\/semanasantainfo.es\/index.php\/wp-json\/wp\/v2\/comments?post=331"}],"version-history":[{"count":2,"href":"https:\/\/semanasantainfo.es\/index.php\/wp-json\/wp\/v2\/pages\/331\/revisions"}],"predecessor-version":[{"id":333,"href":"https:\/\/semanasantainfo.es\/index.php\/wp-json\/wp\/v2\/pages\/331\/revisions\/333"}],"wp:attachment":[{"href":"https:\/\/semanasantainfo.es\/index.php\/wp-json\/wp\/v2\/media?parent=331"}],"curies":[{"name":"wp","href":"https:\/\/api.w.org\/{rel}","templated":true}]}}