{"id":99,"date":"2024-03-20T22:37:05","date_gmt":"2024-03-20T21:37:05","guid":{"rendered":"https:\/\/semanasantainfo.es\/?page_id=99"},"modified":"2025-08-29T12:16:24","modified_gmt":"2025-08-29T10:16:24","slug":"procesiones","status":"publish","type":"page","link":"https:\/\/semanasantainfo.es\/index.php\/procesiones\/","title":{"rendered":"Procesiones"},"content":{"rendered":"\t\t<div data-elementor-type=\"wp-page\" data-elementor-id=\"99\" class=\"elementor elementor-99\">\n\t\t\t\t<div class=\"elementor-element elementor-element-dbbcec2 e-flex e-con-boxed e-con e-parent\" data-id=\"dbbcec2\" data-element_type=\"container\" data-e-type=\"container\">\n\t\t\t\t\t<div class=\"e-con-inner\">\n\t\t\t\t<div class=\"elementor-element elementor-element-a7dda6c elementor-widget elementor-widget-text-editor\" data-id=\"a7dda6c\" data-element_type=\"widget\" data-e-type=\"widget\" data-widget_type=\"text-editor.default\">\n\t\t\t\t<div class=\"elementor-widget-container\">\n\t\t\t\t\t\t\t\t\t<p><strong>Las procesiones de Semana Santa en Espa\u00f1a: Un viaje a trav\u00e9s de la tradici\u00f3n y la fe<\/strong><\/p><p><strong>Las procesiones<\/strong> son el elemento central de la Semana Santa en Espa\u00f1a. Son desfiles religiosos en los que se portan im\u00e1genes de Jesucristo, la Virgen Mar\u00eda y otros santos por las calles de la ciudad. Los nazarenos, vestidos con t\u00fanicas y capirotes, acompa\u00f1an las procesiones en penitencia.<\/p><p><strong>Las procesiones de Semana Santa en Espa\u00f1a<\/strong> tienen una larga tradici\u00f3n que se remonta a la Edad Media. Cada ciudad y regi\u00f3n tiene sus propias tradiciones y particularidades, pero hay algunos elementos comunes que se pueden encontrar en todas las procesiones.<\/p><p><strong>En esta web encontrar\u00e1s:<\/strong><\/p><ul><li><strong>Informaci\u00f3n detallada sobre las principales procesiones de Semana Santa en Espa\u00f1a.<\/strong><\/li><li><strong>Las procesiones ordenadas por comunidades aut\u00f3nomas, provincias, localidades y rutas.<\/strong><\/li><li><strong>Consejos para planificar tu viaje y disfrutar al m\u00e1ximo de las procesiones.<\/strong><\/li><li><strong>Enlaces a recursos adicionales para profundizar en la historia y las tradiciones de esta fiesta.<\/strong><\/li><\/ul><p><strong>Prep\u00e1rate para vivir una Semana Santa inolvidable en Espa\u00f1a.<\/strong><\/p>\t\t\t\t\t\t\t\t<\/div>\n\t\t\t\t<\/div>\n\t\t\t\t\t<\/div>\n\t\t\t\t<\/div>\n\t\t\t\t<\/div>\n\t\t","protected":false},"excerpt":{"rendered":"<p>Las procesiones de Semana Santa en Espa\u00f1a: Un viaje a trav\u00e9s de la tradici\u00f3n y la fe Las procesiones son el elemento central de la Semana Santa en Espa\u00f1a. Son desfiles religiosos en los que se portan im\u00e1genes de Jesucristo, la Virgen Mar\u00eda y otros santos por las calles de [&hellip;]<\/p>\n","protected":false},"author":1,"featured_media":0,"parent":0,"menu_order":0,"comment_status":"closed","ping_status":"closed","template":"page-templates\/template-page-sidebar.php","meta":{"footnotes":""},"class_list":["post-99","page","type-page","status-publish","hentry"],"_links":{"self":[{"href":"https:\/\/semanasantainfo.es\/index.php\/wp-json\/wp\/v2\/pages\/99","targetHints":{"allow":["GET"]}}],"collection":[{"href":"https:\/\/semanasantainfo.es\/index.php\/wp-json\/wp\/v2\/pages"}],"about":[{"href":"https:\/\/semanasantainfo.es\/index.php\/wp-json\/wp\/v2\/types\/page"}],"author":[{"embeddable":true,"href":"https:\/\/semanasantainfo.es\/index.php\/wp-json\/wp\/v2\/users\/1"}],"replies":[{"embeddable":true,"href":"https:\/\/semanasantainfo.es\/index.php\/wp-json\/wp\/v2\/comments?post=99"}],"version-history":[{"count":4,"href":"https:\/\/semanasantainfo.es\/index.php\/wp-json\/wp\/v2\/pages\/99\/revisions"}],"predecessor-version":[{"id":187,"href":"https:\/\/semanasantainfo.es\/index.php\/wp-json\/wp\/v2\/pages\/99\/revisions\/187"}],"wp:attachment":[{"href":"https:\/\/semanasantainfo.es\/index.php\/wp-json\/wp\/v2\/media?parent=99"}],"curies":[{"name":"wp","href":"https:\/\/api.w.org\/{rel}","templated":true}]}}